{"id":1177,"date":"2025-07-18T12:57:58","date_gmt":"2025-07-18T10:57:58","guid":{"rendered":"https:\/\/www.zincarquitectos.com\/privacy-policy\/"},"modified":"2025-07-21T18:19:34","modified_gmt":"2025-07-21T16:19:34","slug":"privacy-policy","status":"publish","type":"page","link":"https:\/\/www.zincarquitectos.com\/en\/privacy-policy\/","title":{"rendered":"Privacy Policy"},"content":{"rendered":"\t\t<div data-elementor-type=\"wp-page\" data-elementor-id=\"1177\" class=\"elementor elementor-1177 elementor-510\" data-elementor-post-type=\"page\">\n\t\t\t\t<div class=\"elementor-element elementor-element-c0aa07d e-flex e-con-boxed e-con e-parent\" data-id=\"c0aa07d\" data-element_type=\"container\" data-e-type=\"container\">\n\t\t\t\t\t<div class=\"e-con-inner\">\n\t\t\t\t<div class=\"elementor-element elementor-element-58268cf elementor-widget elementor-widget-heading\" data-id=\"58268cf\" data-element_type=\"widget\" data-e-type=\"widget\" data-widget_type=\"heading.default\">\n\t\t\t\t\t<h1 class=\"elementor-heading-title elementor-size-default\">PRIVACY POLICY<\/h1>\t\t\t\t<\/div>\n\t\t\t\t<div class=\"elementor-element elementor-element-2895436 elementor-widget elementor-widget-text-editor\" data-id=\"2895436\" data-element_type=\"widget\" data-e-type=\"widget\" data-widget_type=\"text-editor.default\">\n\t\t\t\t\t\t\t\t\t<h2>1. USER INFORMATION<\/h2><p><strong>Who is responsible for the processing of your personal data?<br><\/strong>Nina G\u00f3mez Mill\u00e1n Mill\u00e1n Trueba is the PERSON RESPONSIBLE for the processing of the USER&#8217;s personal data and informs you that this data will be processed in accordance with the provisions of Regulation (EU) 2016\/679 of 27 April (GDPR) and Organic Law 3\/2018 of 5 December (LOPDGDD).<br><br><strong>What do we process your personal data for and why do we do it?<\/strong><br>Depending on the form where we have obtained your personal data, we will treat them confidentially to achieve the following purposes:In the form Contact<br>Respond to queries or any type of request made by the user through any of the contact methods made available on the website of the controller (for the legitimate interest of the controller, art. 6.1.f GDPR).<br>Send commercial advertising communications by e-mail, fax, SMS, MMS, social networks or any other electronic or physical means, present or future, that enable commercial communications. These communications will be made by the responsible party and will be related to its products and services, or those of its collaborators or suppliers, with whom it has reached a promotional agreement. In this case, third parties will never have access to personal data (by consent of the data subject, 6.1.a GDPR).<br>Perform statistical analysis and market research. (for the legitimate interest of the data controller, art. 6.1.f GDPR)<br><strong> <\/strong><br><strong>How long will we keep your personal data?<\/strong><br>They will be kept for no longer than necessary to maintain the purpose of the processing or there are legal prescriptions that dictate their custody and when it is no longer necessary for that purpose, they will be deleted with appropriate security measures to ensure the anonymization of the data or the total destruction of the data.<br><br><strong>To whom do we provide your personal data?<\/strong>No communication of personal data to third parties is foreseen except, if necessary for the development and execution of the purposes of the processing, to our service providers related to communications, with whom the RESPONSIBLE has signed confidentiality and data processor contracts required by the privacy regulations in force.<br><br><strong>What are your rights?<\/strong><br>The rights of the USER are:<br>Right to withdraw consent at any time.<br>Right of access, rectification, portability and deletion of your data, and to limit or oppose its processing.<br>Right to file a complaint with the supervisory authority (www.aepd.es) if you consider that the processing does not comply with current regulations.<br>Contact details to exercise your rights:<br>You can exercise your rights by writing to <a href=\"mailto:zinc@zincarquitectos.com\" target=\"_blank\" rel=\"noopener\">zinc@zincarquitectos.com<\/a>.<\/p><h2>2. MANDATORY OR OPTIONAL NATURE OF THE INFORMATION PROVIDED BY THE USER<\/h2><p>USERS, by checking the corresponding boxes and entering data in the fields marked with an asterisk (*) in the contact form or presented in download forms, expressly and freely and unequivocally accept that their data are necessary to fulfill their request, by the provider, being voluntary the inclusion of data in the remaining fields. The USER guarantees that the personal data provided to the RESPONSIBLE are truthful and is responsible for communicating any changes thereto.<br>The RESPONSIBLE informs that all data requested through the website are mandatory, as they are necessary for the provision of optimal service to the USER. In the event that not all data is provided, there is no guarantee that the information and services provided will be completely tailored to your needs.<\/p><h2>3. SECURITY MEASURES<\/h2><p>That in accordance with the provisions of the regulations in force on personal data protection, the RESPONSIBLE is complying with all the provisions of the GDPR and LOPDGDD regulations for the processing of personal data under its responsibility, and manifestly with the principles described in Article 5 of the GDPR, whereby they are processed lawfully, fairly and transparently in relation to the data subject and are adequate, relevant and limited to what is necessary in relation to the purposes for which they are processed.<br>The RESPONSIBLE guarantees that it has implemented appropriate technical and organizational policies to apply the security measures established by the GDPR and the LOPDGDD in order to protect the rights and freedoms of the USERS and has communicated the appropriate information to them so that they can exercise them.<br>For more information about privacy safeguards, you can contact the RESPONSIBILITY MANAGER at <a href=\"mailto:zinc@zincarquitectos.com\" target=\"_blank\" rel=\"noopener\">zinc@zincarquitectos.com<\/a><\/p>\t\t\t\t\t\t\t\t<\/div>\n\t\t\t\t\t<\/div>\n\t\t\t\t<\/div>\n\t\t\t\t<\/div>\n\t\t","protected":false},"excerpt":{"rendered":"<p>PRIVACY POLICY 1. USER INFORMATION Who is responsible for the processing of your personal data?Nina G\u00f3mez Mill\u00e1n Mill\u00e1n Trueba is the PERSON RESPONSIBLE for the processing of the USER&#8217;s personal data and informs you that this data will be processed in accordance with the provisions of Regulation (EU) 2016\/679 of 27 April (GDPR) and Organic [&hellip;]<\/p>\n","protected":false},"author":1,"featured_media":0,"parent":0,"menu_order":0,"comment_status":"closed","ping_status":"closed","template":"","meta":{"_monsterinsights_skip_tracking":false,"_monsterinsights_sitenote_active":false,"_monsterinsights_sitenote_note":"","_monsterinsights_sitenote_category":0,"footnotes":""},"class_list":["post-1177","page","type-page","status-publish","hentry"],"yoast_head":"<!-- This site is optimized with the Yoast SEO plugin v27.3 - https:\/\/yoast.com\/product\/yoast-seo-wordpress\/ -->\n<title>Privacy Policy - Zinc Arquitectos<\/title>\n<meta name=\"robots\" content=\"index, follow, max-snippet:-1, max-image-preview:large, max-video-preview:-1\" \/>\n<link rel=\"canonical\" href=\"https:\/\/www.zincarquitectos.com\/en\/privacy-policy\/\" \/>\n<meta property=\"og:locale\" content=\"en_US\" \/>\n<meta property=\"og:type\" content=\"article\" \/>\n<meta property=\"og:title\" content=\"Privacy Policy - Zinc Arquitectos\" \/>\n<meta property=\"og:description\" content=\"PRIVACY POLICY 1. USER INFORMATION Who is responsible for the processing of your personal data?Nina G\u00f3mez Mill\u00e1n Mill\u00e1n Trueba is the PERSON RESPONSIBLE for the processing of the USER&#8217;s personal data and informs you that this data will be processed in accordance with the provisions of Regulation (EU) 2016\/679 of 27 April (GDPR) and Organic [&hellip;]\" \/>\n<meta property=\"og:url\" content=\"https:\/\/www.zincarquitectos.com\/en\/privacy-policy\/\" \/>\n<meta property=\"og:site_name\" content=\"Zinc Arquitectos\" \/>\n<meta property=\"article:publisher\" content=\"https:\/\/www.facebook.com\/people\/Zinc-Arquitectos\/100064040680122\/\" \/>\n<meta property=\"article:modified_time\" content=\"2025-07-21T16:19:34+00:00\" \/>\n<meta property=\"og:image\" content=\"https:\/\/www.zincarquitectos.com\/wp-content\/uploads\/2025\/07\/01-home-zinc-arquitectos-2.webp\" \/>\n\t<meta property=\"og:image:width\" content=\"2000\" \/>\n\t<meta property=\"og:image:height\" content=\"1334\" \/>\n\t<meta property=\"og:image:type\" content=\"image\/webp\" \/>\n<meta name=\"twitter:card\" content=\"summary_large_image\" \/>\n<meta name=\"twitter:label1\" content=\"Est. reading time\" \/>\n\t<meta name=\"twitter:data1\" content=\"4 minutes\" \/>\n<script type=\"application\/ld+json\" class=\"yoast-schema-graph\">{\"@context\":\"https:\\\/\\\/schema.org\",\"@graph\":[{\"@type\":\"WebPage\",\"@id\":\"https:\\\/\\\/www.zincarquitectos.com\\\/en\\\/privacy-policy\\\/\",\"url\":\"https:\\\/\\\/www.zincarquitectos.com\\\/en\\\/privacy-policy\\\/\",\"name\":\"Privacy Policy - Zinc Arquitectos\",\"isPartOf\":{\"@id\":\"https:\\\/\\\/www.zincarquitectos.com\\\/en\\\/#website\"},\"datePublished\":\"2025-07-18T10:57:58+00:00\",\"dateModified\":\"2025-07-21T16:19:34+00:00\",\"breadcrumb\":{\"@id\":\"https:\\\/\\\/www.zincarquitectos.com\\\/en\\\/privacy-policy\\\/#breadcrumb\"},\"inLanguage\":\"en-US\",\"potentialAction\":[{\"@type\":\"ReadAction\",\"target\":[\"https:\\\/\\\/www.zincarquitectos.com\\\/en\\\/privacy-policy\\\/\"]}]},{\"@type\":\"BreadcrumbList\",\"@id\":\"https:\\\/\\\/www.zincarquitectos.com\\\/en\\\/privacy-policy\\\/#breadcrumb\",\"itemListElement\":[{\"@type\":\"ListItem\",\"position\":1,\"name\":\"Portada\",\"item\":\"https:\\\/\\\/www.zincarquitectos.com\\\/en\\\/\"},{\"@type\":\"ListItem\",\"position\":2,\"name\":\"Privacy Policy\"}]},{\"@type\":\"WebSite\",\"@id\":\"https:\\\/\\\/www.zincarquitectos.com\\\/en\\\/#website\",\"url\":\"https:\\\/\\\/www.zincarquitectos.com\\\/en\\\/\",\"name\":\"Zinc Arquitectos\",\"description\":\"Con una mirada sensible, un profundo cuidado del detalle y una implicaci\u00f3n emocional en cada proyecto, conseguimos espacios \u00fanicos..\",\"publisher\":{\"@id\":\"https:\\\/\\\/www.zincarquitectos.com\\\/en\\\/#organization\"},\"potentialAction\":[{\"@type\":\"SearchAction\",\"target\":{\"@type\":\"EntryPoint\",\"urlTemplate\":\"https:\\\/\\\/www.zincarquitectos.com\\\/en\\\/?s={search_term_string}\"},\"query-input\":{\"@type\":\"PropertyValueSpecification\",\"valueRequired\":true,\"valueName\":\"search_term_string\"}}],\"inLanguage\":\"en-US\"},{\"@type\":\"Organization\",\"@id\":\"https:\\\/\\\/www.zincarquitectos.com\\\/en\\\/#organization\",\"name\":\"Zinc Arquitectos\",\"url\":\"https:\\\/\\\/www.zincarquitectos.com\\\/en\\\/\",\"logo\":{\"@type\":\"ImageObject\",\"inLanguage\":\"en-US\",\"@id\":\"https:\\\/\\\/www.zincarquitectos.com\\\/en\\\/#\\\/schema\\\/logo\\\/image\\\/\",\"url\":\"https:\\\/\\\/www.zincarquitectos.com\\\/wp-content\\\/uploads\\\/2025\\\/07\\\/Logo-Zinc-Arquitectos_ZINC.svg\",\"contentUrl\":\"https:\\\/\\\/www.zincarquitectos.com\\\/wp-content\\\/uploads\\\/2025\\\/07\\\/Logo-Zinc-Arquitectos_ZINC.svg\",\"caption\":\"Zinc Arquitectos\"},\"image\":{\"@id\":\"https:\\\/\\\/www.zincarquitectos.com\\\/en\\\/#\\\/schema\\\/logo\\\/image\\\/\"},\"sameAs\":[\"https:\\\/\\\/www.facebook.com\\\/people\\\/Zinc-Arquitectos\\\/100064040680122\\\/\",\"https:\\\/\\\/www.linkedin.com\\\/company\\\/zinc-arquitectos\\\/?originalSubdomain=es\",\"https:\\\/\\\/www.instagram.com\\\/zinc_arquitectos\\\/?hl=en\"]}]}<\/script>\n<!-- \/ Yoast SEO plugin. -->","yoast_head_json":{"title":"Privacy Policy - Zinc Arquitectos","robots":{"index":"index","follow":"follow","max-snippet":"max-snippet:-1","max-image-preview":"max-image-preview:large","max-video-preview":"max-video-preview:-1"},"canonical":"https:\/\/www.zincarquitectos.com\/en\/privacy-policy\/","og_locale":"en_US","og_type":"article","og_title":"Privacy Policy - Zinc Arquitectos","og_description":"PRIVACY POLICY 1. USER INFORMATION Who is responsible for the processing of your personal data?Nina G\u00f3mez Mill\u00e1n Mill\u00e1n Trueba is the PERSON RESPONSIBLE for the processing of the USER&#8217;s personal data and informs you that this data will be processed in accordance with the provisions of Regulation (EU) 2016\/679 of 27 April (GDPR) and Organic [&hellip;]","og_url":"https:\/\/www.zincarquitectos.com\/en\/privacy-policy\/","og_site_name":"Zinc Arquitectos","article_publisher":"https:\/\/www.facebook.com\/people\/Zinc-Arquitectos\/100064040680122\/","article_modified_time":"2025-07-21T16:19:34+00:00","og_image":[{"width":2000,"height":1334,"url":"https:\/\/www.zincarquitectos.com\/wp-content\/uploads\/2025\/07\/01-home-zinc-arquitectos-2.webp","type":"image\/webp"}],"twitter_card":"summary_large_image","twitter_misc":{"Est. reading time":"4 minutes"},"schema":{"@context":"https:\/\/schema.org","@graph":[{"@type":"WebPage","@id":"https:\/\/www.zincarquitectos.com\/en\/privacy-policy\/","url":"https:\/\/www.zincarquitectos.com\/en\/privacy-policy\/","name":"Privacy Policy - Zinc Arquitectos","isPartOf":{"@id":"https:\/\/www.zincarquitectos.com\/en\/#website"},"datePublished":"2025-07-18T10:57:58+00:00","dateModified":"2025-07-21T16:19:34+00:00","breadcrumb":{"@id":"https:\/\/www.zincarquitectos.com\/en\/privacy-policy\/#breadcrumb"},"inLanguage":"en-US","potentialAction":[{"@type":"ReadAction","target":["https:\/\/www.zincarquitectos.com\/en\/privacy-policy\/"]}]},{"@type":"BreadcrumbList","@id":"https:\/\/www.zincarquitectos.com\/en\/privacy-policy\/#breadcrumb","itemListElement":[{"@type":"ListItem","position":1,"name":"Portada","item":"https:\/\/www.zincarquitectos.com\/en\/"},{"@type":"ListItem","position":2,"name":"Privacy Policy"}]},{"@type":"WebSite","@id":"https:\/\/www.zincarquitectos.com\/en\/#website","url":"https:\/\/www.zincarquitectos.com\/en\/","name":"Zinc Arquitectos","description":"Con una mirada sensible, un profundo cuidado del detalle y una implicaci\u00f3n emocional en cada proyecto, conseguimos espacios \u00fanicos..","publisher":{"@id":"https:\/\/www.zincarquitectos.com\/en\/#organization"},"potentialAction":[{"@type":"SearchAction","target":{"@type":"EntryPoint","urlTemplate":"https:\/\/www.zincarquitectos.com\/en\/?s={search_term_string}"},"query-input":{"@type":"PropertyValueSpecification","valueRequired":true,"valueName":"search_term_string"}}],"inLanguage":"en-US"},{"@type":"Organization","@id":"https:\/\/www.zincarquitectos.com\/en\/#organization","name":"Zinc Arquitectos","url":"https:\/\/www.zincarquitectos.com\/en\/","logo":{"@type":"ImageObject","inLanguage":"en-US","@id":"https:\/\/www.zincarquitectos.com\/en\/#\/schema\/logo\/image\/","url":"https:\/\/www.zincarquitectos.com\/wp-content\/uploads\/2025\/07\/Logo-Zinc-Arquitectos_ZINC.svg","contentUrl":"https:\/\/www.zincarquitectos.com\/wp-content\/uploads\/2025\/07\/Logo-Zinc-Arquitectos_ZINC.svg","caption":"Zinc Arquitectos"},"image":{"@id":"https:\/\/www.zincarquitectos.com\/en\/#\/schema\/logo\/image\/"},"sameAs":["https:\/\/www.facebook.com\/people\/Zinc-Arquitectos\/100064040680122\/","https:\/\/www.linkedin.com\/company\/zinc-arquitectos\/?originalSubdomain=es","https:\/\/www.instagram.com\/zinc_arquitectos\/?hl=en"]}]}},"_links":{"self":[{"href":"https:\/\/www.zincarquitectos.com\/en\/wp-json\/wp\/v2\/pages\/1177","targetHints":{"allow":["GET"]}}],"collection":[{"href":"https:\/\/www.zincarquitectos.com\/en\/wp-json\/wp\/v2\/pages"}],"about":[{"href":"https:\/\/www.zincarquitectos.com\/en\/wp-json\/wp\/v2\/types\/page"}],"author":[{"embeddable":true,"href":"https:\/\/www.zincarquitectos.com\/en\/wp-json\/wp\/v2\/users\/1"}],"replies":[{"embeddable":true,"href":"https:\/\/www.zincarquitectos.com\/en\/wp-json\/wp\/v2\/comments?post=1177"}],"version-history":[{"count":1,"href":"https:\/\/www.zincarquitectos.com\/en\/wp-json\/wp\/v2\/pages\/1177\/revisions"}],"predecessor-version":[{"id":1178,"href":"https:\/\/www.zincarquitectos.com\/en\/wp-json\/wp\/v2\/pages\/1177\/revisions\/1178"}],"wp:attachment":[{"href":"https:\/\/www.zincarquitectos.com\/en\/wp-json\/wp\/v2\/media?parent=1177"}],"curies":[{"name":"wp","href":"https:\/\/api.w.org\/{rel}","templated":true}]}}